{"id":18,"date":"2023-03-09T19:31:34","date_gmt":"2023-03-09T18:31:34","guid":{"rendered":"https:\/\/molde.katolsk.no\/?page_id=18"},"modified":"2025-11-11T11:29:08","modified_gmt":"2025-11-11T10:29:08","slug":"messetider","status":"publish","type":"page","link":"https:\/\/molde.katolsk.no\/?page_id=18","title":{"rendered":"Messetider"},"content":{"rendered":"\n<p><strong>Ordin\u00e6re messetider<\/strong><\/p>\n\n\n\n<p><strong><mark style=\"background-color:rgba(0, 0, 0, 0)\" class=\"has-inline-color has-vivid-red-color\">S\u00f8ndager<\/mark><\/strong><\/p>\n\n\n\n<p><strong>H\u00f8ymesse<\/strong>: kl. 11.00&nbsp;<\/p>\n\n\n\n<p><strong>Msza \u015aw. po polsku&nbsp;<\/strong>kl.14.00<\/p>\n\n\n\n<p><strong>Mass in English <\/strong>kl. 16.00, 3rd Sunday of each month *  &#8211; Suspended during the summer period (from July to August)<\/p>\n\n\n\n<hr class=\"wp-block-separator has-alpha-channel-opacity\"\/>\n\n\n\n<div style=\"height:27px\" aria-hidden=\"true\" class=\"wp-block-spacer\"><\/div>\n\n\n\n<p><strong>Mandager, onsdager, torsdager og fredager<\/strong>:- messe p\u00e5 norsk-kl. 18.00<\/p>\n\n\n\n<p><strong>Tirsdager:<\/strong> kl. Messe i S\u00f8strenes kapell (Parkvegen 23, Molde)<\/p>\n\n\n\n<p><strong>L\u00f8rdager<\/strong>:-messe p\u00e5 norsk-kl. 12.30<\/p>\n\n\n\n<hr class=\"wp-block-separator has-alpha-channel-opacity\"\/>\n\n\n\n<div style=\"height:30px\" aria-hidden=\"true\" class=\"wp-block-spacer\"><\/div>\n\n\n\n<p>MESSER ANDRE STEDER I SOGNET. * &#8211; Suspendert i sommerperioden (fra juli til august)<\/p>\n\n\n\n<div style=\"height:20px\" aria-hidden=\"true\" class=\"wp-block-spacer\"><\/div>\n\n\n\n<p>*<strong>\u00c5ndalsnes<\/strong>: 2. s\u00f8ndag i m\u00e5neden- messe &nbsp;kl.17.00<\/p>\n\n\n\n<p>Vollan 6, 6300 \u00c5ndalsnes<\/p>\n\n\n\n<div style=\"height:30px\" aria-hidden=\"true\" class=\"wp-block-spacer\"><\/div>\n\n\n\n<p>*<strong>Vestnes<\/strong>: 4. s\u00f8ndag i m\u00e5neden-messe kl.18.00<\/p>\n\n\n\n<p>Remmemsvegen 2, 6390 Vestnes<\/p>\n\n\n\n<hr class=\"wp-block-separator has-alpha-channel-opacity\"\/>\n\n\n\n<div style=\"height:50px\" aria-hidden=\"true\" class=\"wp-block-spacer\"><\/div>\n\n\n\n<p><strong>Messer p\u00e5 ukrainsk i den gresk-katolske ritualen<\/strong><\/p>\n\n\n\n<p>Sjekk ut programmet her: <a href=\"https:\/\/molde.katolsk.no\/?page_id=728\">https:\/\/molde.katolsk.no\/?page_id=728<\/a><br><\/p>\n\n\n\n<p>eller kontakt: p. Dariusz Buras 47672334<\/p>\n\n\n\n<hr class=\"wp-block-separator has-alpha-channel-opacity\"\/>\n\n\n\n<div style=\"height:50px\" aria-hidden=\"true\" class=\"wp-block-spacer\"><\/div>\n\n\n\n<p>Du kan se etter oppdateringer og unntak her: <a href=\"https:\/\/molde.katolsk.no\/?page_id=186\">https:\/\/molde.katolsk.no\/?page_id=186<\/a><\/p>\n\n\n\n<p><\/p>\n","protected":false},"excerpt":{"rendered":"<p>Ordin\u00e6re messetider S\u00f8ndager H\u00f8ymesse: kl. 11.00&nbsp; Msza \u015aw. po polsku&nbsp;kl.14.00 Mass in English kl. 16.00, 3rd Sunday of each month * &#8211; Suspended during the summer period (from July to August) Mandager, onsdager, torsdager og fredager:- messe p\u00e5 norsk-kl. 18.00 Tirsdager: kl. Messe i S\u00f8strenes kapell (Parkvegen 23, Molde) L\u00f8rdager:-messe p\u00e5 norsk-kl. 12.30 MESSER ANDRE STEDER I SOGNET. * &#8211; Suspendert i sommerperioden (fra juli til august) *\u00c5ndalsnes: 2. s\u00f8ndag i m\u00e5neden- messe &nbsp;kl.17.00 Vollan 6, 6300 \u00c5ndalsnes *Vestnes: 4. s\u00f8ndag i m\u00e5neden-messe kl.18.00 Remmemsvegen 2, 6390 Vestnes Messer p\u00e5 ukrainsk i den gresk-katolske ritualen Sjekk ut programmet her: https:\/\/molde.katolsk.no\/?page_id=728&#8230; <\/p>\n","protected":false},"author":2,"featured_media":0,"parent":0,"menu_order":0,"comment_status":"closed","ping_status":"open","template":"template-parts\/page-template-full-width.php","meta":{"footnotes":""},"class_list":["post-18","page","type-page","status-publish","hentry"],"_links":{"self":[{"href":"https:\/\/molde.katolsk.no\/index.php?rest_route=\/wp\/v2\/pages\/18","targetHints":{"allow":["GET"]}}],"collection":[{"href":"https:\/\/molde.katolsk.no\/index.php?rest_route=\/wp\/v2\/pages"}],"about":[{"href":"https:\/\/molde.katolsk.no\/index.php?rest_route=\/wp\/v2\/types\/page"}],"author":[{"embeddable":true,"href":"https:\/\/molde.katolsk.no\/index.php?rest_route=\/wp\/v2\/users\/2"}],"replies":[{"embeddable":true,"href":"https:\/\/molde.katolsk.no\/index.php?rest_route=%2Fwp%2Fv2%2Fcomments&post=18"}],"version-history":[{"count":28,"href":"https:\/\/molde.katolsk.no\/index.php?rest_route=\/wp\/v2\/pages\/18\/revisions"}],"predecessor-version":[{"id":927,"href":"https:\/\/molde.katolsk.no\/index.php?rest_route=\/wp\/v2\/pages\/18\/revisions\/927"}],"wp:attachment":[{"href":"https:\/\/molde.katolsk.no\/index.php?rest_route=%2Fwp%2Fv2%2Fmedia&parent=18"}],"curies":[{"name":"wp","href":"https:\/\/api.w.org\/{rel}","templated":true}]}}