{"id":197,"date":"2023-03-26T20:20:05","date_gmt":"2023-03-26T18:20:05","guid":{"rendered":"https:\/\/molde.katolsk.no\/?page_id=197"},"modified":"2025-10-03T13:23:25","modified_gmt":"2025-10-03T11:23:25","slug":"katekese","status":"publish","type":"page","link":"https:\/\/molde.katolsk.no\/?page_id=197","title":{"rendered":"Katekese"},"content":{"rendered":"\n<div class=\"wp-block-columns is-layout-flex wp-container-core-columns-is-layout-9d6595d7 wp-block-columns-is-layout-flex\">\n<div class=\"wp-block-column is-layout-flow wp-block-column-is-layout-flow\">\n<h2 class=\"wp-block-heading\"><strong>F\u00f8rstekommunion undervisning<\/strong> <strong>og<\/strong> <strong>konfirmasjonsundervisning<\/strong><\/h2>\n\n\n\n<p>Kj\u00e6re foreldre barna og unge:<\/p>\n\n\n\n<p>Vi minner om undervisningen som forbereder til \u00e5 motta Eukaristien (1. Kommunion) og Fermingen (Konfirmasjonen). Undervisningen er for barn som fyller 8 \u00e5r neste \u00e5r, og for ungdom som fyller 15 \u00e5r neste \u00e5r. For begge grupper vil undervisningen vanligvis foreg\u00e5 den f\u00f8rste og tredje l\u00f8rdagen i m\u00e5neden fra kl. 10.00 til 13.15. Barn og unge som enn\u00e5 ikke har mottatt disse sakramentene kan ogs\u00e5 delta. Ved spesielle situasjoner, vennligst ta kontakt med p. Michael, som blir ansvarlig for menigheten fra 1. september 2025.<\/p>\n\n\n\n<p>Vi ber dere formidle denne informasjonen til familier dere kjenner, som ikke er registrert i v\u00e5r menighet eller ikke g\u00e5r i kirken.<\/p>\n\n\n\n<p>Alle som enn\u00e5 ikke er registrert i Den katolske kirken i Norge, oppfordres til \u00e5 registrere seg. Dette gj\u00f8r kontakten og kommunikasjonen med menigheten enklere.<\/p>\n\n\n\n<p>Vil du registrere deg? Det er veldig enkelt. Sjekk denne lenken:<\/p>\n\n\n\n<figure class=\"wp-block-embed is-type-wp-embed is-provider-st-sunniva-menighet-molde wp-block-embed-st-sunniva-menighet-molde\"><div class=\"wp-block-embed__wrapper\">\n<blockquote class=\"wp-embedded-content\" data-secret=\"Cl3vn3fcuB\"><a href=\"https:\/\/molde.katolsk.no\/?page_id=300\">Registrer deg i Den katolske kirke i Norge<\/a><\/blockquote><iframe loading=\"lazy\" class=\"wp-embedded-content\" sandbox=\"allow-scripts\" security=\"restricted\" style=\"position: absolute; visibility: hidden;\" title=\"&laquo;Registrer deg i Den katolske kirke i Norge&raquo; &#8212; St. Sunniva menighet - Molde\" src=\"https:\/\/molde.katolsk.no\/?page_id=300&#038;embed=true#?secret=gTvfJVe6zV#?secret=Cl3vn3fcuB\" data-secret=\"Cl3vn3fcuB\" width=\"500\" height=\"282\" frameborder=\"0\" marginwidth=\"0\" marginheight=\"0\" scrolling=\"no\"><\/iframe>\n<\/div><\/figure>\n\n\n\n<div style=\"height:30px\" aria-hidden=\"true\" class=\"wp-block-spacer\"><\/div>\n\n\n\n<p>Her nedenfor finner dere undervisningsplanen. Vennligst sjekk den jevnlig, da datoene kan endre seg. Her er lenken hvor dere kan finne oppdateringer:<\/p>\n\n\n\n<figure class=\"wp-block-embed is-type-wp-embed is-provider-st-sunniva-menighet-molde wp-block-embed-st-sunniva-menighet-molde\"><div class=\"wp-block-embed__wrapper\">\n<blockquote class=\"wp-embedded-content\" data-secret=\"SlkaI4maOo\"><a href=\"https:\/\/molde.katolsk.no\/?page_id=186\">Aktivitetskalender<\/a><\/blockquote><iframe loading=\"lazy\" class=\"wp-embedded-content\" sandbox=\"allow-scripts\" security=\"restricted\" style=\"position: absolute; visibility: hidden;\" title=\"&laquo;Aktivitetskalender&raquo; &#8212; St. Sunniva menighet - Molde\" src=\"https:\/\/molde.katolsk.no\/?page_id=186&#038;embed=true#?secret=kIpWie3NdL#?secret=SlkaI4maOo\" data-secret=\"SlkaI4maOo\" width=\"500\" height=\"282\" frameborder=\"0\" marginwidth=\"0\" marginheight=\"0\" scrolling=\"no\"><\/iframe>\n<\/div><\/figure>\n\n\n\n<div style=\"height:30px\" aria-hidden=\"true\" class=\"wp-block-spacer\"><\/div>\n\n\n\n<p>Undervinsing vanligvis 1. og 3. l\u00f8rdag i m\u00e5naden &#8211; kl. 10.00-13.15<\/p>\n\n\n\n<div style=\"height:10px\" aria-hidden=\"true\" class=\"wp-block-spacer\"><\/div>\n\n\n\n<p>6. september<\/p>\n\n\n\n<p>kl. 10.15-11.00 organiseringsm\u00f8te<\/p>\n\n\n\n<p>\u2013 for f\u00f8rstekommunionsbarn, konfirmanter og deres foreldre<\/p>\n\n\n\n<p>kl. 11.30-12.15 \u2013 f\u00f8rste kommunions- og konfirmasjonsundervisning<\/p>\n\n\n\n<p>Samtidig blir det p\u00e5melding og detaljert informasjon for foreldre<\/p>\n\n\n\n<p>20. september \u2013 f\u00f8rste kommunions- og konfirmasjonsundervisning<\/p>\n\n\n\n<p>27. september \u2013 f\u00f8rste kommunions- og konfirmasjonsundervisning<\/p>\n\n\n\n<div style=\"height:20px\" aria-hidden=\"true\" class=\"wp-block-spacer\"><\/div>\n\n\n\n<p>18. oktober \u2013 f\u00f8rste kommunions- og konfirmasjonsundervisning<\/p>\n\n\n\n<div style=\"height:20px\" aria-hidden=\"true\" class=\"wp-block-spacer\"><\/div>\n\n\n\n<p>31. oktober &#8211; 2. november &#8211; konfirmasjonsleir<\/p>\n\n\n\n<ul class=\"wp-block-list\">\n<li>Konfirmasjonsleir i M\u00f8re og Romsdal finner sted fra&nbsp;<strong>31.oktober \u2013 2. november p\u00e5 Vestheim Ungdomssenter i Vestnes<\/strong><\/li>\n\n\n\n<li>Hagnesveien 128, 6390 Vestnes<\/li>\n<\/ul>\n\n\n\n<div style=\"height:20px\" aria-hidden=\"true\" class=\"wp-block-spacer\"><\/div>\n\n\n\n<p>1.  november &#8211; f\u00f8rste kommunions undervisning<\/p>\n\n\n\n<p>15. november &#8211; f\u00f8rste kommunions- og konfirmasjonsundervisning<\/p>\n\n\n\n<p>29. november &#8211; f\u00f8rste kommunions- og konfirmasjonsundervisning<\/p>\n\n\n\n<div style=\"height:20px\" aria-hidden=\"true\" class=\"wp-block-spacer\"><\/div>\n\n\n\n<p>6. desember \u2013 f\u00f8rste kommunions- og konfirmasjonsundervisning<\/p>\n\n\n\n<div style=\"height:40px\" aria-hidden=\"true\" class=\"wp-block-spacer\"><\/div>\n\n\n\n<p>10. &amp; 24 <strong>januar 2026<\/strong> \u2013 f\u00f8rste kommunions- og konfirmasjonsundervisning<\/p>\n\n\n\n<p>7. &amp; 28. februar \u2013 f\u00f8rste kommunions- og konfirmasjonsundervisning<\/p>\n\n\n\n<p>7. &amp; 21. mars \u2013 f\u00f8rste kommunions- og konfirmasjonsundervisning<\/p>\n\n\n\n<p>11. &amp; 18 april \u2013 f\u00f8rste kommunions- og konfirmasjonsundervisning<\/p>\n\n\n\n<p>2. &amp; 16. mai \u2013 f\u00f8rste kommunions- og konfirmasjonsundervisning<\/p>\n\n\n\n<p>22. mai &#8211; kl. 19.00 &#8211; \u00f8velse og skriftem\u00e5l for konfirmanter<\/p>\n\n\n\n<p>23. mai \u2013 Konfirmasjonsmesse, kl. 11.00<\/p>\n\n\n\n<p>30. mai \u2013 \u00f8velse og skriftem\u00e5l for f\u00f8rstekommunionsbarna<\/p>\n\n\n\n<p>6. juni \u2013 F\u00f8rstekommunionsmesse, kl. 11.00<\/p>\n\n\n\n<div style=\"height:60px\" aria-hidden=\"true\" class=\"wp-block-spacer\"><\/div>\n\n\n\n<p style=\"font-size:25px\"><strong>Katekeseprogram:<\/strong><\/p>\n\n\n\n<p>10.00-10.45 \u2013 1. time<\/p>\n\n\n\n<p>10.45-11.00 \u2013 pause<\/p>\n\n\n\n<p>11.00-11.45 \u2013 2. time<\/p>\n\n\n\n<p>11.45-12.00 &#8211; pause<\/p>\n\n\n\n<p>12.00-12.30 \u2013 forberedelse til Messe<\/p>\n\n\n\n<p>12.30-13.15 \u2013 Messe (foreldre + barn)<\/p>\n\n\n\n<h2 class=\"wp-block-heading\"><\/h2>\n\n\n\n<p><\/p>\n\n\n\n<p><\/p>\n<\/div>\n<\/div>\n\n\n<div class=\"wp-block-image\">\n<figure class=\"aligncenter size-full\"><img loading=\"lazy\" decoding=\"async\" width=\"210\" height=\"210\" src=\"https:\/\/molde.katolsk.no\/wp-content\/uploads\/2023\/03\/BliLys1.webp\" alt=\"\" class=\"wp-image-201\" srcset=\"https:\/\/molde.katolsk.no\/wp-content\/uploads\/2023\/03\/BliLys1.webp 210w, https:\/\/molde.katolsk.no\/wp-content\/uploads\/2023\/03\/BliLys1-150x150.webp 150w\" sizes=\"auto, (max-width: 210px) 100vw, 210px\" \/><figcaption class=\"wp-element-caption\"><a rel=\"noreferrer noopener\" href=\"https:\/\/nam12.safelinks.protection.outlook.com\/?url=https%3A%2F%2Fblilys.no%2F&amp;data=05%7C01%7C%7C89a10e0221f14594a25408daadad71c1%7C84df9e7fe9f640afb435aaaaaaaaaaaa%7C1%7C0%7C638013257771945285%7CUnknown%7CTWFpbGZsb3d8eyJWIjoiMC4wLjAwMDAiLCJQIjoiV2luMzIiLCJBTiI6Ik1haWwiLCJXVCI6Mn0%3D%7C3000%7C%7C%7C&amp;sdata=MteAOP6yNAeuR1uMECN1%2F9SZdtI65SKgJZIrLw2FS1A%3D&amp;reserved=0\" target=\"_blank\">https:\/\/blilys.no<\/a><\/figcaption><\/figure>\n<\/div>\n\n\n<p><strong>Sanger for barn<\/strong><\/p>\n\n\n\n<figure class=\"wp-block-embed is-type-video is-provider-youtube wp-block-embed-youtube wp-embed-aspect-16-9 wp-has-aspect-ratio\"><div class=\"wp-block-embed__wrapper\">\n<iframe loading=\"lazy\" title=\"Jarle Waldemar - Hei, hei, du og jeg\" width=\"500\" height=\"281\" src=\"https:\/\/www.youtube.com\/embed\/qYKgcsLH9nU?feature=oembed\" frameborder=\"0\" allow=\"accelerometer; autoplay; clipboard-write; encrypted-media; gyroscope; picture-in-picture; web-share\" referrerpolicy=\"strict-origin-when-cross-origin\" allowfullscreen><\/iframe>\n<\/div><\/figure>\n\n\n\n<figure class=\"wp-block-embed is-type-video is-provider-youtube wp-block-embed-youtube wp-embed-aspect-4-3 wp-has-aspect-ratio\"><div class=\"wp-block-embed__wrapper\">\n<iframe loading=\"lazy\" title=\"M\u00e5ne og sol\" width=\"500\" height=\"375\" src=\"https:\/\/www.youtube.com\/embed\/Mo3-sffIvCU?feature=oembed\" frameborder=\"0\" allow=\"accelerometer; autoplay; clipboard-write; encrypted-media; gyroscope; picture-in-picture; web-share\" referrerpolicy=\"strict-origin-when-cross-origin\" allowfullscreen><\/iframe>\n<\/div><\/figure>\n\n\n\n<figure class=\"wp-block-embed is-type-video is-provider-youtube wp-block-embed-youtube wp-embed-aspect-4-3 wp-has-aspect-ratio\"><div class=\"wp-block-embed__wrapper\">\n<iframe loading=\"lazy\" title=\"Dine hender er fulle av blomster\" width=\"500\" height=\"375\" src=\"https:\/\/www.youtube.com\/embed\/TKr_akvC_X8?feature=oembed\" frameborder=\"0\" allow=\"accelerometer; autoplay; clipboard-write; encrypted-media; gyroscope; picture-in-picture; web-share\" referrerpolicy=\"strict-origin-when-cross-origin\" allowfullscreen><\/iframe>\n<\/div><\/figure>\n\n\n\n<figure class=\"wp-block-embed is-type-video is-provider-youtube wp-block-embed-youtube wp-embed-aspect-4-3 wp-has-aspect-ratio\"><div class=\"wp-block-embed__wrapper\">\n<iframe loading=\"lazy\" title=\"Vi tror p\u00e5 skaperen Gud\" width=\"500\" height=\"375\" src=\"https:\/\/www.youtube.com\/embed\/Cvv8jE7CD8s?feature=oembed\" frameborder=\"0\" allow=\"accelerometer; autoplay; clipboard-write; encrypted-media; gyroscope; picture-in-picture; web-share\" referrerpolicy=\"strict-origin-when-cross-origin\" allowfullscreen><\/iframe>\n<\/div><\/figure>\n\n\n\n<figure class=\"wp-block-embed is-type-video is-provider-youtube wp-block-embed-youtube wp-embed-aspect-4-3 wp-has-aspect-ratio\"><div class=\"wp-block-embed__wrapper\">\n<iframe loading=\"lazy\" title=\"Jeg blir s\u00e5 glad n\u00e5r jeg ser deg\" width=\"500\" height=\"375\" src=\"https:\/\/www.youtube.com\/embed\/m7sSz7QIk4Y?feature=oembed\" frameborder=\"0\" allow=\"accelerometer; autoplay; clipboard-write; encrypted-media; gyroscope; picture-in-picture; web-share\" referrerpolicy=\"strict-origin-when-cross-origin\" allowfullscreen><\/iframe>\n<\/div><\/figure>\n\n\n\n<figure class=\"wp-block-embed is-type-video is-provider-youtube wp-block-embed-youtube wp-embed-aspect-4-3 wp-has-aspect-ratio\"><div class=\"wp-block-embed__wrapper\">\n<iframe loading=\"lazy\" title=\"Jesus er kongen min\" width=\"500\" height=\"375\" src=\"https:\/\/www.youtube.com\/embed\/hkmpUuO05tw?feature=oembed\" frameborder=\"0\" allow=\"accelerometer; autoplay; clipboard-write; encrypted-media; gyroscope; picture-in-picture; web-share\" referrerpolicy=\"strict-origin-when-cross-origin\" allowfullscreen><\/iframe>\n<\/div><\/figure>\n\n\n\n<figure class=\"wp-block-embed is-type-video is-provider-youtube wp-block-embed-youtube wp-embed-aspect-16-9 wp-has-aspect-ratio\"><div class=\"wp-block-embed__wrapper\">\n<iframe loading=\"lazy\" title=\"Hellig, hellig er Du\" width=\"500\" height=\"281\" src=\"https:\/\/www.youtube.com\/embed\/gmg3LpdyCvI?feature=oembed\" frameborder=\"0\" allow=\"accelerometer; autoplay; clipboard-write; encrypted-media; gyroscope; picture-in-picture; web-share\" referrerpolicy=\"strict-origin-when-cross-origin\" allowfullscreen><\/iframe>\n<\/div><\/figure>\n\n\n\n<figure class=\"wp-block-embed is-type-video is-provider-youtube wp-block-embed-youtube wp-embed-aspect-4-3 wp-has-aspect-ratio\"><div class=\"wp-block-embed__wrapper\">\n<iframe loading=\"lazy\" title=\"V\u00e6r meg n\u00e6r, \u00e5 Gud\" width=\"500\" height=\"375\" src=\"https:\/\/www.youtube.com\/embed\/0vyyeX0SS-w?feature=oembed\" frameborder=\"0\" allow=\"accelerometer; autoplay; clipboard-write; encrypted-media; gyroscope; picture-in-picture; web-share\" referrerpolicy=\"strict-origin-when-cross-origin\" allowfullscreen><\/iframe>\n<\/div><\/figure>\n\n\n\n<figure class=\"wp-block-embed is-type-video is-provider-youtube wp-block-embed-youtube wp-embed-aspect-4-3 wp-has-aspect-ratio\"><div class=\"wp-block-embed__wrapper\">\n<iframe loading=\"lazy\" title=\"Hvem har skapt alle blomstene?\" width=\"500\" height=\"375\" src=\"https:\/\/www.youtube.com\/embed\/9LZzKq_eca0?feature=oembed\" frameborder=\"0\" allow=\"accelerometer; autoplay; clipboard-write; encrypted-media; gyroscope; picture-in-picture; web-share\" referrerpolicy=\"strict-origin-when-cross-origin\" allowfullscreen><\/iframe>\n<\/div><\/figure>\n\n\n\n<figure class=\"wp-block-embed is-type-video is-provider-youtube wp-block-embed-youtube wp-embed-aspect-4-3 wp-has-aspect-ratio\"><div class=\"wp-block-embed__wrapper\">\n<iframe loading=\"lazy\" title=\"Takk min Gud, for hele meg\" width=\"500\" height=\"375\" src=\"https:\/\/www.youtube.com\/embed\/PMWfVEHHf8M?feature=oembed\" frameborder=\"0\" allow=\"accelerometer; autoplay; clipboard-write; encrypted-media; gyroscope; picture-in-picture; web-share\" referrerpolicy=\"strict-origin-when-cross-origin\" allowfullscreen><\/iframe>\n<\/div><\/figure>\n\n\n\n<figure class=\"wp-block-embed is-type-video is-provider-youtube wp-block-embed-youtube wp-embed-aspect-4-3 wp-has-aspect-ratio\"><div class=\"wp-block-embed__wrapper\">\n<iframe loading=\"lazy\" title=\"Ingen er s\u00e5 trygg i fare\" width=\"500\" height=\"375\" src=\"https:\/\/www.youtube.com\/embed\/qi8wZGxx9Gc?feature=oembed\" frameborder=\"0\" allow=\"accelerometer; autoplay; clipboard-write; encrypted-media; gyroscope; picture-in-picture; web-share\" referrerpolicy=\"strict-origin-when-cross-origin\" allowfullscreen><\/iframe>\n<\/div><\/figure>\n\n\n\n<figure class=\"wp-block-embed is-type-video is-provider-youtube wp-block-embed-youtube wp-embed-aspect-4-3 wp-has-aspect-ratio\"><div class=\"wp-block-embed__wrapper\">\n<iframe loading=\"lazy\" title=\"Medley: Hvem Har Skapt Alle Blomstene, Tikke Tikke Takk, Om Jeg Er Liten Eller Stor\" width=\"500\" height=\"375\" src=\"https:\/\/www.youtube.com\/embed\/eM-YoSWCHEM?feature=oembed\" frameborder=\"0\" allow=\"accelerometer; autoplay; clipboard-write; encrypted-media; gyroscope; picture-in-picture; web-share\" referrerpolicy=\"strict-origin-when-cross-origin\" allowfullscreen><\/iframe>\n<\/div><\/figure>\n\n\n\n<div style=\"height:126px\" aria-hidden=\"true\" class=\"wp-block-spacer\"><\/div>\n\n\n\n<figure class=\"wp-block-embed is-type-video is-provider-youtube wp-block-embed-youtube wp-embed-aspect-16-9 wp-has-aspect-ratio\"><div class=\"wp-block-embed__wrapper\">\n<iframe loading=\"lazy\" title=\"Sycamore: En kursserie i katolsk tro\" width=\"500\" height=\"281\" src=\"https:\/\/www.youtube.com\/embed\/nlZWhiOCXN4?start=1&#038;feature=oembed\" frameborder=\"0\" allow=\"accelerometer; autoplay; clipboard-write; encrypted-media; gyroscope; picture-in-picture; web-share\" referrerpolicy=\"strict-origin-when-cross-origin\" allowfullscreen><\/iframe>\n<\/div><\/figure>\n\n\n\n<div style=\"height:100px\" aria-hidden=\"true\" class=\"wp-block-spacer\"><\/div>\n","protected":false},"excerpt":{"rendered":"<p>F\u00f8rstekommunion undervisning og konfirmasjonsundervisning Kj\u00e6re foreldre barna og unge: Vi minner om undervisningen som forbereder til \u00e5 motta Eukaristien (1. Kommunion) og Fermingen (Konfirmasjonen). Undervisningen er for barn som fyller 8 \u00e5r neste \u00e5r, og for ungdom som fyller 15 \u00e5r neste \u00e5r. For begge grupper vil undervisningen vanligvis foreg\u00e5 den f\u00f8rste og tredje l\u00f8rdagen i m\u00e5neden fra kl. 10.00 til 13.15. Barn og unge som enn\u00e5 ikke har mottatt disse sakramentene kan ogs\u00e5 delta. Ved spesielle situasjoner, vennligst ta kontakt med p. Michael, som blir ansvarlig for menigheten fra 1. september 2025. Vi ber dere formidle denne informasjonen til&#8230; <\/p>\n","protected":false},"author":1,"featured_media":0,"parent":0,"menu_order":0,"comment_status":"closed","ping_status":"closed","template":"template-parts\/page-template-full-width.php","meta":{"footnotes":""},"class_list":["post-197","page","type-page","status-publish","hentry"],"_links":{"self":[{"href":"https:\/\/molde.katolsk.no\/index.php?rest_route=\/wp\/v2\/pages\/197","targetHints":{"allow":["GET"]}}],"collection":[{"href":"https:\/\/molde.katolsk.no\/index.php?rest_route=\/wp\/v2\/pages"}],"about":[{"href":"https:\/\/molde.katolsk.no\/index.php?rest_route=\/wp\/v2\/types\/page"}],"author":[{"embeddable":true,"href":"https:\/\/molde.katolsk.no\/index.php?rest_route=\/wp\/v2\/users\/1"}],"replies":[{"embeddable":true,"href":"https:\/\/molde.katolsk.no\/index.php?rest_route=%2Fwp%2Fv2%2Fcomments&post=197"}],"version-history":[{"count":26,"href":"https:\/\/molde.katolsk.no\/index.php?rest_route=\/wp\/v2\/pages\/197\/revisions"}],"predecessor-version":[{"id":900,"href":"https:\/\/molde.katolsk.no\/index.php?rest_route=\/wp\/v2\/pages\/197\/revisions\/900"}],"wp:attachment":[{"href":"https:\/\/molde.katolsk.no\/index.php?rest_route=%2Fwp%2Fv2%2Fmedia&parent=197"}],"curies":[{"name":"wp","href":"https:\/\/api.w.org\/{rel}","templated":true}]}}