{"id":216,"date":"2023-04-01T19:25:18","date_gmt":"2023-04-01T17:25:18","guid":{"rendered":"https:\/\/molde.katolsk.no\/?page_id=216"},"modified":"2023-04-01T19:28:03","modified_gmt":"2023-04-01T17:28:03","slug":"stille-uke-og-paske-2023","status":"publish","type":"page","link":"https:\/\/molde.katolsk.no\/?page_id=216","title":{"rendered":"Stille Uke og P\u00e5ske 2023"},"content":{"rendered":"\n<p class=\"has-medium-font-size\" id=\"block-6232cf3f-ef16-420d-8a07-595463b3403c\">(03\u201310.04.2023)<\/p>\n\n\n\n<hr class=\"wp-block-separator has-alpha-channel-opacity\" id=\"block-65f86ab0-0c20-4c20-8d0a-823c30691870\"\/>\n\n\n\n<p class=\"has-medium-font-size\">03.04 Mandag i den Stille Uke<\/p>\n\n\n\n<ul class=\"wp-block-list\">\n<li>Kl. 07.00 Messe<\/li>\n<\/ul>\n\n\n\n<hr class=\"wp-block-separator has-alpha-channel-opacity\" id=\"block-8b83eecf-1888-43d2-acb3-85eadc950f88\"\/>\n\n\n\n<p class=\"has-medium-font-size\">04.04 Tirsdag i den Stille Uke<\/p>\n\n\n\n<p>Det er ingen Messe (prestem\u00f8te og Oljevigselsmesse &nbsp;i st. Olav domkirke i Trondheim)<\/p>\n\n\n\n<hr class=\"wp-block-separator has-alpha-channel-opacity\" id=\"block-57412d67-5f00-4302-a74d-c9680e12f851\"\/>\n\n\n\n<p class=\"has-medium-font-size\">05.04 Onsdag i den Stille Uke<\/p>\n\n\n\n<ul class=\"wp-block-list\">\n<li>Kl. 17.00 Tilbedelse (Skriftem\u00e5l)<\/li>\n\n\n\n<li>Kl. 17.30 Den Guddommelige Miskunns Rosenkrans<\/li>\n\n\n\n<li>Kl. 18.00 Messe<\/li>\n\n\n\n<li>Kl. 18.30 Novena &#8211; Our Lady of Perpetual Help<\/li>\n<\/ul>\n\n\n\n<hr class=\"wp-block-separator has-alpha-channel-opacity\" id=\"block-31c6d354-2a3e-44ca-b661-07824fbe6c37\"\/>\n\n\n\n<p class=\"has-medium-font-size\">06.04 Skj\u00e6rtorsdag (til minne om Herrens Nattverd)<\/p>\n\n\n\n<ul class=\"wp-block-list\">\n<li>Kl.18.00 Felles feiring av Herrens Nattverd<\/li>\n\n\n\n<li>Kl. 19-20.30 Tilbedelse \u2013 p\u00e5 norsk &#8211; mulighet for Skriftem\u00e5l<\/li>\n\n\n\n<li>Kl. 20.30-22.00 Tilbedelse \u2013 p\u00e5 engelsk &#8211; mulighet for Skriftem\u00e5l<\/li>\n\n\n\n<li>Kl. 22-24.00 Tilbedelse \u2013 p\u00e5 polsk &#8211; mulighet for Skriftem\u00e5l<\/li>\n<\/ul>\n\n\n\n<hr class=\"wp-block-separator has-alpha-channel-opacity\" id=\"block-5d3c18ba-8224-41ad-b266-563f895737c5\"\/>\n\n\n\n<p class=\"has-medium-font-size\">07.04 Langfredag (feiringen av Herrens Lidelseshistorie)<\/p>\n\n\n\n<ul class=\"wp-block-list\">\n<li>Kl. 15.00 Langfredagsliturgi p\u00e5 norsk<\/li>\n\n\n\n<li>Kl. 16-17.00 Tilbedelse \u2013 p\u00e5 norsk &#8211; mulighet for Skriftem\u00e5l<\/li>\n\n\n\n<li>Kl. 17-18.00 Tilbedelse \u2013 p\u00e5 engelsk &#8211; mulighet for Skriftem\u00e5l<\/li>\n\n\n\n<li>Kl. 19.00 Langfredagsliturgi p\u00e5 polsk<\/li>\n\n\n\n<li>Kl. 20-24.00 Tilbedelse \u2013 p\u00e5 polsk &#8211; mulighet for Skriftem\u00e5l<\/li>\n<\/ul>\n\n\n\n<hr class=\"wp-block-separator has-alpha-channel-opacity\" id=\"block-16b3b2bf-ae32-4d8e-a4fb-910f15e71a72\"\/>\n\n\n\n<p class=\"has-medium-font-size\">08.04 P\u00e5skevigilien<\/p>\n\n\n\n<ul class=\"wp-block-list\">\n<li>Kl. 11.00 Matvelsignelse (p\u00e5 polsk)<\/li>\n\n\n\n<li>Kl. 12.00 Matvelsignelse (p\u00e5 polsk)<\/li>\n\n\n\n<li>Kl. 13.00 Matvelsignelse (p\u00e5 polsk)<\/li>\n\n\n\n<li>Kl. 20.00 Felles P\u00e5skenattsfeiring<\/li>\n<\/ul>\n\n\n\n<hr class=\"wp-block-separator has-alpha-channel-opacity\" id=\"block-c15cdc84-3783-41f3-8bf4-26ac5e31ce9c\"\/>\n\n\n\n<p class=\"has-medium-font-size\">09.04 <mark style=\"background-color:rgba(0, 0, 0, 0)\" class=\"has-inline-color has-vivid-red-color\">P\u00e5skes\u00f8ndag<\/mark><\/p>\n\n\n\n<ul class=\"wp-block-list\">\n<li>Kl. 08.30 P\u00e5skefeiring p\u00e5 polsk \u2013 Rezurekcja<br>Matvelsignelse + p\u00e5skefrokost<\/li>\n\n\n\n<li>Kl. 11.00 P\u00e5skeh\u00f8ymesse<br>P\u00e5skem\u00e5ltid<\/li>\n\n\n\n<li>Kl. 16.00 P\u00e5skefeiring p\u00e5 engelsk<br>P\u00e5skem\u00e5ltid<\/li>\n<\/ul>\n\n\n\n<hr class=\"wp-block-separator has-alpha-channel-opacity\"\/>\n\n\n\n<p class=\"has-medium-font-size\">10.04 Annen P\u00e5skedag<\/p>\n\n\n\n<ul class=\"wp-block-list\">\n<li>Kl. 11.00 H\u00f8ymesse<\/li>\n<\/ul>\n\n\n\n<hr class=\"wp-block-separator has-alpha-channel-opacity\"\/>\n\n\n\n<p class=\"has-text-align-center\">Hjertelig Velkommen! Gud velsigne dere!<\/p>\n","protected":false},"excerpt":{"rendered":"<p>(03\u201310.04.2023) 03.04 Mandag i den Stille Uke 04.04 Tirsdag i den Stille Uke Det er ingen Messe (prestem\u00f8te og Oljevigselsmesse &nbsp;i st. Olav domkirke i Trondheim) 05.04 Onsdag i den Stille Uke 06.04 Skj\u00e6rtorsdag (til minne om Herrens Nattverd) 07.04 Langfredag (feiringen av Herrens Lidelseshistorie) 08.04 P\u00e5skevigilien 09.04 P\u00e5skes\u00f8ndag 10.04 Annen P\u00e5skedag Hjertelig Velkommen! Gud velsigne dere!<\/p>\n","protected":false},"author":1,"featured_media":0,"parent":0,"menu_order":0,"comment_status":"closed","ping_status":"closed","template":"template-parts\/page-template-full-width.php","meta":{"footnotes":""},"class_list":["post-216","page","type-page","status-publish","hentry"],"_links":{"self":[{"href":"https:\/\/molde.katolsk.no\/index.php?rest_route=\/wp\/v2\/pages\/216","targetHints":{"allow":["GET"]}}],"collection":[{"href":"https:\/\/molde.katolsk.no\/index.php?rest_route=\/wp\/v2\/pages"}],"about":[{"href":"https:\/\/molde.katolsk.no\/index.php?rest_route=\/wp\/v2\/types\/page"}],"author":[{"embeddable":true,"href":"https:\/\/molde.katolsk.no\/index.php?rest_route=\/wp\/v2\/users\/1"}],"replies":[{"embeddable":true,"href":"https:\/\/molde.katolsk.no\/index.php?rest_route=%2Fwp%2Fv2%2Fcomments&post=216"}],"version-history":[{"count":9,"href":"https:\/\/molde.katolsk.no\/index.php?rest_route=\/wp\/v2\/pages\/216\/revisions"}],"predecessor-version":[{"id":226,"href":"https:\/\/molde.katolsk.no\/index.php?rest_route=\/wp\/v2\/pages\/216\/revisions\/226"}],"wp:attachment":[{"href":"https:\/\/molde.katolsk.no\/index.php?rest_route=%2Fwp%2Fv2%2Fmedia&parent=216"}],"curies":[{"name":"wp","href":"https:\/\/api.w.org\/{rel}","templated":true}]}}