{"id":300,"date":"2023-10-01T21:37:40","date_gmt":"2023-10-01T19:37:40","guid":{"rendered":"https:\/\/molde.katolsk.no\/?page_id=300"},"modified":"2023-10-01T21:37:40","modified_gmt":"2023-10-01T19:37:40","slug":"registrer-deg-i-den-katolske-kirke-i-norge","status":"publish","type":"page","link":"https:\/\/molde.katolsk.no\/?page_id=300","title":{"rendered":"Registrer deg i Den katolske kirke i Norge"},"content":{"rendered":"\n<p><strong>Er du registrert i Den Katolske Kirke&nbsp;i Norge?<\/strong><br>Du m\u00e5 selv s\u00f8rge for \u00e5 ordne din tilh\u00f8righet til kirken.<\/p>\n\n\n\n<p>Dette er viktig for b\u00e5de deg og oss,<\/p>\n\n\n\n<ul class=\"wp-block-list\">\n<li>For \u00e5 vite hvem og hvor mange vi er<\/li>\n\n\n\n<li>For \u00e5 kunne yte deg de tjenester du som tilh\u00f8rende har rett til<\/li>\n\n\n\n<li>For \u00e5 motta de midler stat og kommune har plikt til \u00e5 gi oss i henhold til loven.<\/li>\n<\/ul>\n\n\n\n<p>Det er veldig enkelt!<br>G\u00e5 inn p\u00e5 nettet p\u00e5: <a href=\"http:\/\/medlem.katolsk.no\" data-type=\"URL\" data-id=\"medlem.katolsk.no\">medlem.katolsk.no<\/a> \u2013 der finnes det digitale p\u00e5meldingsskjema p\u00e5 flere spr\u00e5k, eller bruk en av qr-kodene nedenfor!<\/p>\n\n\n\n<p><strong>Are you registered in the Catholic Church in Norway?<\/strong><br>You must arrange your belonging to the church yourself.<\/p>\n\n\n\n<p>This is important for both you and us,<\/p>\n\n\n\n<ul class=\"wp-block-list\">\n<li>To know who and how many of us there are<\/li>\n\n\n\n<li>To be able to provide you with the services you are entitled to as a member<\/li>\n\n\n\n<li>To receive the funds that the state and municipality are obliged to give us in accordance with the law.<\/li>\n<\/ul>\n\n\n\n<p>It&#8217;s very simple!<br>Go online at: <a href=\"http:\/\/medlem.katolsk.no\" data-type=\"URL\" data-id=\"medlem.katolsk.no\">medlem.katolsk.no<\/a> &#8211; there is a digital registration form in several languages, or use one of the qr-codes below!<\/p>\n\n\n\n<p><strong>Czy jeste\u015b zarejestrowany w ko\u015bciele katolickim w Norwegii?<\/strong><br>Musisz sam zaaran\u017cowa\u0107 swoj\u0105 przynale\u017cno\u015b\u0107 do ko\u015bcio\u0142a.<\/p>\n\n\n\n<p>To wa\u017cne zar\u00f3wno dla Ciebie, jak i dla nas,<\/p>\n\n\n\n<ul class=\"wp-block-list\">\n<li>Wiedzie\u0107, kto i ilu z nas jest<\/li>\n\n\n\n<li>Aby m\u00f3c \u015bwiadczy\u0107 Ci pos\u0142ugi, do kt\u00f3rych masz prawo jako cz\u0142onek<\/li>\n\n\n\n<li>Otrzymywa\u0107 \u015brodki, kt\u00f3re pa\u0144stwo i gmina s\u0105 zobowi\u0105zane przekaza\u0107 nam zgodnie z prawem.<\/li>\n<\/ul>\n\n\n\n<p><\/p>\n\n\n\n<p>To jest bardzo proste!<\/p>\n\n\n\n<p>Wejd\u017a na stron\u0119: <a href=\"http:\/\/medlem.katolsk.no\" data-type=\"URL\" data-id=\"medlem.katolsk.no\">medlem.katolsk.no<\/a> &#8211; dost\u0119pny jest cyfrowy formularz rejestracyjny w kilku j\u0119zykach lub u\u017cyj jednego z poni\u017cszych kod\u00f3w qr!<\/p>\n\n\n\n<figure class=\"wp-block-image size-full is-resized\"><img loading=\"lazy\" decoding=\"async\" src=\"https:\/\/molde.katolsk.no\/wp-content\/uploads\/2023\/10\/csm_Skjermbilde_2022-10-07_120827_d81037352a-3.jpeg\" alt=\"\" class=\"wp-image-301\" style=\"width:869px;height:1202px\" width=\"869\" height=\"1202\" srcset=\"https:\/\/molde.katolsk.no\/wp-content\/uploads\/2023\/10\/csm_Skjermbilde_2022-10-07_120827_d81037352a-3.jpeg 540w, https:\/\/molde.katolsk.no\/wp-content\/uploads\/2023\/10\/csm_Skjermbilde_2022-10-07_120827_d81037352a-3-217x300.jpeg 217w\" sizes=\"auto, (max-width: 869px) 100vw, 869px\" \/><\/figure>\n","protected":false},"excerpt":{"rendered":"<p>Er du registrert i Den Katolske Kirke&nbsp;i Norge?Du m\u00e5 selv s\u00f8rge for \u00e5 ordne din tilh\u00f8righet til kirken. Dette er viktig for b\u00e5de deg og oss, Det er veldig enkelt!G\u00e5 inn p\u00e5 nettet p\u00e5: medlem.katolsk.no \u2013 der finnes det digitale p\u00e5meldingsskjema p\u00e5 flere spr\u00e5k, eller bruk en av qr-kodene nedenfor! Are you registered in the Catholic Church in Norway?You must arrange your belonging to the church yourself. This is important for both you and us, It&#8217;s very simple!Go online at: medlem.katolsk.no &#8211; there is a digital registration form in several languages, or use one of the qr-codes below! Czy jeste\u015b&#8230; <\/p>\n","protected":false},"author":1,"featured_media":0,"parent":0,"menu_order":0,"comment_status":"closed","ping_status":"closed","template":"","meta":{"footnotes":""},"class_list":["post-300","page","type-page","status-publish","hentry"],"_links":{"self":[{"href":"https:\/\/molde.katolsk.no\/index.php?rest_route=\/wp\/v2\/pages\/300","targetHints":{"allow":["GET"]}}],"collection":[{"href":"https:\/\/molde.katolsk.no\/index.php?rest_route=\/wp\/v2\/pages"}],"about":[{"href":"https:\/\/molde.katolsk.no\/index.php?rest_route=\/wp\/v2\/types\/page"}],"author":[{"embeddable":true,"href":"https:\/\/molde.katolsk.no\/index.php?rest_route=\/wp\/v2\/users\/1"}],"replies":[{"embeddable":true,"href":"https:\/\/molde.katolsk.no\/index.php?rest_route=%2Fwp%2Fv2%2Fcomments&post=300"}],"version-history":[{"count":1,"href":"https:\/\/molde.katolsk.no\/index.php?rest_route=\/wp\/v2\/pages\/300\/revisions"}],"predecessor-version":[{"id":302,"href":"https:\/\/molde.katolsk.no\/index.php?rest_route=\/wp\/v2\/pages\/300\/revisions\/302"}],"wp:attachment":[{"href":"https:\/\/molde.katolsk.no\/index.php?rest_route=%2Fwp%2Fv2%2Fmedia&parent=300"}],"curies":[{"name":"wp","href":"https:\/\/api.w.org\/{rel}","templated":true}]}}